{"id":1788,"date":"2021-02-04T17:51:07","date_gmt":"2021-02-04T17:51:07","guid":{"rendered":"https:\/\/wuuff.taxi\/clone-of-szolgaltatasok\/"},"modified":"2021-02-10T11:46:20","modified_gmt":"2021-02-10T11:46:20","slug":"servicii-transport-caini-pisici","status":"publish","type":"page","link":"https:\/\/wuuff.taxi\/ro\/servicii-transport-caini-pisici\/","title":{"rendered":"Servicii"},"content":{"rendered":"<p>SERVICII<\/p>\n<h1><strong><span style=\"color: var(--tcb-skin-color-0);\">Transport\u00a0<\/span><\/strong><\/h1>\n<h1><strong>de animale de companie \u00een cea mai mare siguran\u021b\u0103<\/strong><\/h1>\n<h2 style=\"text-align: center;\">Wuuff Taxi<\/h2>\n<p>Transportarea animalelor de companie e o responsabilitate enorm\u0103, deoarece este vorba despre un membru de familie. Cu serviciile noastre, \u00eencerc\u0103m s\u0103 satisfacem nevoile clien\u021bilor. Pentru noi, cel mai important e ca pisica sau c\u0103\u021belul l\u0103sat \u00een grija noastr\u0103 s\u0103 ajung\u0103 acas\u0103 \u00een cea mai mare siguran\u021b\u0103.<\/p>\n<h2><strong>Transport\u00a0<\/strong><strong>rutier<\/strong><\/h2>\n<p>Echipa noastr\u0103, \u00een conformitate cu legisla\u021bile \u00een vigoare, cu vehicule \u0219i cu personal profesional, transport\u0103 animalele de companie l\u0103sate \u00een grija noastr\u0103 la destina\u021bie.<\/p>\n<p>Ne angaj\u0103m s\u0103 \u00eendeplinim chiar \u0219i preten\u021biile personale extra a pasagerilor no\u0219trii, de exemplu hr\u0103nirea, b\u0103utul \u0219i plimbarea. Desigur, de fiecare dat\u0103 vom face o \u00een\u021belegere despre circumstan\u021bele celor enumerate.<\/p>\n<h2><strong>Transport\u00a0<\/strong><strong><span style=\"color: var(--tcb-skin-color-0);\">aerian<\/span>\u00a0<\/strong><\/h2>\n<p>Aranj\u0103m transportul pisicilor \u0219i c\u0103\u021beilor cu avion, la un pre\u021b foarte avantajos, <u>nu numai<\/u> cu pornire din Ungaria, la oricare aeroport interna\u021bional din lume, sau chiar la Budapesta.<\/p>\n<p>Partenerii no\u0219tri sunt de \u00eencredere, \u00eempreun\u0103 ne str\u0103duim ca animalele l\u0103sate \u00een grija noastr\u0103 s\u0103 ajung\u0103 acas\u0103 \u00een cea mai mare siguran\u021b\u0103, cu cel mai pu\u021bin stres posibil.<\/p>\n<h2><strong>Transport\u00a0<\/strong><strong><span style=\"color: var(--tcb-skin-color-0);\">VIP<\/span>\u00a0<\/strong><\/h2>\n<p>Transportul VIP este serviciul de cel mai \u00eenat nivel pe care ofer\u0103 Wuuff Taxi clien\u021bilor s\u0103i. Conform acestei servicii, anim\u0103lu\u021bul Dvs, ajunge la destina\u021bie \u00een compania colegului nostru de n\u0103dejde, f\u0103r\u0103 s\u0103 intr\u0103 \u00een contact cu alte animale.<\/p>\n<p>Asigur\u0103m pe tot teritoriul \u021b\u0103rii preluarea animalelor de companie la data prestabilit\u0103, pe tot parcursul s\u0103pt\u0103m\u00e2nii. Garant\u0103m sosirea la data comandat\u0103 \u0219i \u021binem leg\u0103tura cu client pe tot parcursul drumului.<\/p>\n<h2><strong>Pentru cresc\u0103tori: posibilitatea de a\u00a0<\/strong><strong>publica anun\u021buri<\/strong><\/h2>\n<p>Compania noastr\u0103 are o experien\u021b\u0103 de mai mult de 20 de ani \u00een domeniul transport\u0103rii \u0219i v\u00e2nz\u0103rii animalelor de companie. Unul dintre bazele companiei este <a style=\"outline: none;\" href=\"https:\/\/wuuff.dog\/ro\" target=\"_blank\" rel=\"noopener noreferrer\">Wuuff.dog<\/a> pagina cresc\u0103torilor de calitate \u0219i al anun\u021burilor etice.<\/p>\n<p>L\u00e2ng\u0103 comanda Dvs. primi\u021bi automat un <strong>cupon de reducere, transmisibil, \u00een valoare de 41,99 RON<\/strong>, care poate fi folosit la pagina noastr\u0103 cu anun\u021buri, <a style=\"outline: none;\" href=\"https:\/\/wuuff.dog\/ro\" target=\"_blank\" rel=\"noopener noreferrer\">Wuuff.dog<\/a>.<\/p>\n","protected":false},"excerpt":{"rendered":"<p>SERVICII Transport\u00a0 de animale de companie \u00een cea mai mare siguran\u021b\u0103 Wuuff Taxi Transportarea animalelor de companie e o responsabilitate enorm\u0103, deoarece este vorba despre un membru de familie. Cu serviciile noastre, \u00eencerc\u0103m s\u0103 satisfacem nevoile clien\u021bilor. Pentru noi, cel mai important e ca pisica sau c\u0103\u021belul l\u0103sat \u00een grija noastr\u0103 s\u0103 ajung\u0103 acas\u0103 \u00een [&hellip;]<\/p>\n","protected":false},"author":3,"featured_media":0,"parent":0,"menu_order":0,"comment_status":"closed","ping_status":"closed","template":"","meta":{"footnotes":"","tve_updated_post":"","tve_custom_css":"","tve_user_custom_css":"","tve_globals":{},"tcb2_ready":1,"tcb_editor_enabled":1,"tve_landing_page":"tcb2-blank-page","_tve_header":"117","_tve_footer":"119"},"class_list":["post-1788","page","type-page","status-publish","hentry","post-wrapper","thrv_wrapper"],"yoast_head":"<!-- This site is optimized with the Yoast SEO plugin v27.5 - https:\/\/yoast.com\/product\/yoast-seo-wordpress\/ -->\n<title>Transport rutier - aerian - VIP \u2022 Servicii oferite de Wuuff taxi<\/title>\n<meta name=\"description\" content=\"Transportarea unui animal de companie este o responsabilitate enorm\u0103, deoarece vorbim despre un membru al familiei. Cu urm\u0103toarele servicii oferite \u00eencerc\u0103m s\u0103 satisfacem nevoile clien\u021bilor no\u0219tri.\" \/>\n<meta name=\"robots\" content=\"index, follow, max-snippet:-1, max-image-preview:large, max-video-preview:-1\" \/>\n<link rel=\"canonical\" href=\"https:\/\/wuuff.taxi\/ro\/servicii-transport-caini-pisici\/\" \/>\n<meta property=\"og:locale\" content=\"ro_RO\" \/>\n<meta property=\"og:type\" content=\"article\" \/>\n<meta property=\"og:title\" content=\"Transport rutier - aerian - VIP \u2022 Servicii oferite de Wuuff taxi\" \/>\n<meta property=\"og:description\" content=\"Transportarea unui animal de companie este o responsabilitate enorm\u0103, deoarece vorbim despre un membru al familiei. Cu urm\u0103toarele servicii oferite \u00eencerc\u0103m s\u0103 satisfacem nevoile clien\u021bilor no\u0219tri.\" \/>\n<meta property=\"og:url\" content=\"https:\/\/wuuff.taxi\/ro\/servicii-transport-caini-pisici\/\" \/>\n<meta property=\"og:site_name\" content=\"Wuuff taxi\" \/>\n<meta property=\"article:publisher\" content=\"https:\/\/www.facebook.com\/Wuuff.Taxi.kutyaszallitas\/\" \/>\n<meta property=\"article:modified_time\" content=\"2021-02-10T11:46:20+00:00\" \/>\n<meta property=\"og:image\" content=\"https:\/\/wuuff.taxi\/wp-content\/uploads\/2021\/01\/Opel-Combo-Wuuff-Taxi.jpeg\" \/>\n\t<meta property=\"og:image:width\" content=\"600\" \/>\n\t<meta property=\"og:image:height\" content=\"388\" \/>\n\t<meta property=\"og:image:type\" content=\"image\/jpeg\" \/>\n<meta name=\"twitter:card\" content=\"summary_large_image\" \/>\n<meta name=\"twitter:label1\" content=\"Timp estimat pentru citire\" \/>\n\t<meta name=\"twitter:data1\" content=\"2 minute\" \/>\n<script type=\"application\/ld+json\" class=\"yoast-schema-graph\">{\"@context\":\"https:\\\/\\\/schema.org\",\"@graph\":[{\"@type\":\"WebPage\",\"@id\":\"https:\\\/\\\/wuuff.taxi\\\/ro\\\/servicii-transport-caini-pisici\\\/\",\"url\":\"https:\\\/\\\/wuuff.taxi\\\/ro\\\/servicii-transport-caini-pisici\\\/\",\"name\":\"Transport rutier - aerian - VIP \u2022 Servicii oferite de Wuuff taxi\",\"isPartOf\":{\"@id\":\"https:\\\/\\\/wuuff.taxi\\\/ro\\\/#website\"},\"datePublished\":\"2021-02-04T17:51:07+00:00\",\"dateModified\":\"2021-02-10T11:46:20+00:00\",\"description\":\"Transportarea unui animal de companie este o responsabilitate enorm\u0103, deoarece vorbim despre un membru al familiei. Cu urm\u0103toarele servicii oferite \u00eencerc\u0103m s\u0103 satisfacem nevoile clien\u021bilor no\u0219tri.\",\"breadcrumb\":{\"@id\":\"https:\\\/\\\/wuuff.taxi\\\/ro\\\/servicii-transport-caini-pisici\\\/#breadcrumb\"},\"inLanguage\":\"ro-RO\",\"potentialAction\":[{\"@type\":\"ReadAction\",\"target\":[\"https:\\\/\\\/wuuff.taxi\\\/ro\\\/servicii-transport-caini-pisici\\\/\"]}]},{\"@type\":\"BreadcrumbList\",\"@id\":\"https:\\\/\\\/wuuff.taxi\\\/ro\\\/servicii-transport-caini-pisici\\\/#breadcrumb\",\"itemListElement\":[{\"@type\":\"ListItem\",\"position\":1,\"name\":\"Home\",\"item\":\"https:\\\/\\\/wuuff.taxi\\\/ro\\\/\"},{\"@type\":\"ListItem\",\"position\":2,\"name\":\"Servicii\"}]},{\"@type\":\"WebSite\",\"@id\":\"https:\\\/\\\/wuuff.taxi\\\/ro\\\/#website\",\"url\":\"https:\\\/\\\/wuuff.taxi\\\/ro\\\/\",\"name\":\"Wuuff taxi\",\"description\":\"Transportul animalelor de companie \u00een siguran\u021b\u0103 - Wuuff taxi\",\"publisher\":{\"@id\":\"https:\\\/\\\/wuuff.taxi\\\/ro\\\/#organization\"},\"potentialAction\":[{\"@type\":\"SearchAction\",\"target\":{\"@type\":\"EntryPoint\",\"urlTemplate\":\"https:\\\/\\\/wuuff.taxi\\\/ro\\\/?s={search_term_string}\"},\"query-input\":{\"@type\":\"PropertyValueSpecification\",\"valueRequired\":true,\"valueName\":\"search_term_string\"}}],\"inLanguage\":\"ro-RO\"},{\"@type\":\"Organization\",\"@id\":\"https:\\\/\\\/wuuff.taxi\\\/ro\\\/#organization\",\"name\":\"Euro Puppy Kft.\",\"url\":\"https:\\\/\\\/wuuff.taxi\\\/ro\\\/\",\"logo\":{\"@type\":\"ImageObject\",\"inLanguage\":\"ro-RO\",\"@id\":\"https:\\\/\\\/wuuff.taxi\\\/ro\\\/#\\\/schema\\\/logo\\\/image\\\/\",\"url\":\"https:\\\/\\\/wuuff.taxi\\\/wp-content\\\/uploads\\\/2025\\\/07\\\/wuuff.taxi-square.png\",\"contentUrl\":\"https:\\\/\\\/wuuff.taxi\\\/wp-content\\\/uploads\\\/2025\\\/07\\\/wuuff.taxi-square.png\",\"width\":824,\"height\":821,\"caption\":\"Euro Puppy Kft.\"},\"image\":{\"@id\":\"https:\\\/\\\/wuuff.taxi\\\/ro\\\/#\\\/schema\\\/logo\\\/image\\\/\"},\"sameAs\":[\"https:\\\/\\\/www.facebook.com\\\/Wuuff.Taxi.kutyaszallitas\\\/\"]}]}<\/script>\n<!-- \/ Yoast SEO plugin. -->","yoast_head_json":{"title":"Transport rutier - aerian - VIP \u2022 Servicii oferite de Wuuff taxi","description":"Transportarea unui animal de companie este o responsabilitate enorm\u0103, deoarece vorbim despre un membru al familiei. Cu urm\u0103toarele servicii oferite \u00eencerc\u0103m s\u0103 satisfacem nevoile clien\u021bilor no\u0219tri.","robots":{"index":"index","follow":"follow","max-snippet":"max-snippet:-1","max-image-preview":"max-image-preview:large","max-video-preview":"max-video-preview:-1"},"canonical":"https:\/\/wuuff.taxi\/ro\/servicii-transport-caini-pisici\/","og_locale":"ro_RO","og_type":"article","og_title":"Transport rutier - aerian - VIP \u2022 Servicii oferite de Wuuff taxi","og_description":"Transportarea unui animal de companie este o responsabilitate enorm\u0103, deoarece vorbim despre un membru al familiei. Cu urm\u0103toarele servicii oferite \u00eencerc\u0103m s\u0103 satisfacem nevoile clien\u021bilor no\u0219tri.","og_url":"https:\/\/wuuff.taxi\/ro\/servicii-transport-caini-pisici\/","og_site_name":"Wuuff taxi","article_publisher":"https:\/\/www.facebook.com\/Wuuff.Taxi.kutyaszallitas\/","article_modified_time":"2021-02-10T11:46:20+00:00","og_image":[{"width":600,"height":388,"url":"https:\/\/wuuff.taxi\/wp-content\/uploads\/2021\/01\/Opel-Combo-Wuuff-Taxi.jpeg","type":"image\/jpeg"}],"twitter_card":"summary_large_image","twitter_misc":{"Timp estimat pentru citire":"2 minute"},"schema":{"@context":"https:\/\/schema.org","@graph":[{"@type":"WebPage","@id":"https:\/\/wuuff.taxi\/ro\/servicii-transport-caini-pisici\/","url":"https:\/\/wuuff.taxi\/ro\/servicii-transport-caini-pisici\/","name":"Transport rutier - aerian - VIP \u2022 Servicii oferite de Wuuff taxi","isPartOf":{"@id":"https:\/\/wuuff.taxi\/ro\/#website"},"datePublished":"2021-02-04T17:51:07+00:00","dateModified":"2021-02-10T11:46:20+00:00","description":"Transportarea unui animal de companie este o responsabilitate enorm\u0103, deoarece vorbim despre un membru al familiei. Cu urm\u0103toarele servicii oferite \u00eencerc\u0103m s\u0103 satisfacem nevoile clien\u021bilor no\u0219tri.","breadcrumb":{"@id":"https:\/\/wuuff.taxi\/ro\/servicii-transport-caini-pisici\/#breadcrumb"},"inLanguage":"ro-RO","potentialAction":[{"@type":"ReadAction","target":["https:\/\/wuuff.taxi\/ro\/servicii-transport-caini-pisici\/"]}]},{"@type":"BreadcrumbList","@id":"https:\/\/wuuff.taxi\/ro\/servicii-transport-caini-pisici\/#breadcrumb","itemListElement":[{"@type":"ListItem","position":1,"name":"Home","item":"https:\/\/wuuff.taxi\/ro\/"},{"@type":"ListItem","position":2,"name":"Servicii"}]},{"@type":"WebSite","@id":"https:\/\/wuuff.taxi\/ro\/#website","url":"https:\/\/wuuff.taxi\/ro\/","name":"Wuuff taxi","description":"Transportul animalelor de companie \u00een siguran\u021b\u0103 - Wuuff taxi","publisher":{"@id":"https:\/\/wuuff.taxi\/ro\/#organization"},"potentialAction":[{"@type":"SearchAction","target":{"@type":"EntryPoint","urlTemplate":"https:\/\/wuuff.taxi\/ro\/?s={search_term_string}"},"query-input":{"@type":"PropertyValueSpecification","valueRequired":true,"valueName":"search_term_string"}}],"inLanguage":"ro-RO"},{"@type":"Organization","@id":"https:\/\/wuuff.taxi\/ro\/#organization","name":"Euro Puppy Kft.","url":"https:\/\/wuuff.taxi\/ro\/","logo":{"@type":"ImageObject","inLanguage":"ro-RO","@id":"https:\/\/wuuff.taxi\/ro\/#\/schema\/logo\/image\/","url":"https:\/\/wuuff.taxi\/wp-content\/uploads\/2025\/07\/wuuff.taxi-square.png","contentUrl":"https:\/\/wuuff.taxi\/wp-content\/uploads\/2025\/07\/wuuff.taxi-square.png","width":824,"height":821,"caption":"Euro Puppy Kft."},"image":{"@id":"https:\/\/wuuff.taxi\/ro\/#\/schema\/logo\/image\/"},"sameAs":["https:\/\/www.facebook.com\/Wuuff.Taxi.kutyaszallitas\/"]}]}},"_links":{"self":[{"href":"https:\/\/wuuff.taxi\/ro\/wp-json\/wp\/v2\/pages\/1788","targetHints":{"allow":["GET"]}}],"collection":[{"href":"https:\/\/wuuff.taxi\/ro\/wp-json\/wp\/v2\/pages"}],"about":[{"href":"https:\/\/wuuff.taxi\/ro\/wp-json\/wp\/v2\/types\/page"}],"author":[{"embeddable":true,"href":"https:\/\/wuuff.taxi\/ro\/wp-json\/wp\/v2\/users\/3"}],"replies":[{"embeddable":true,"href":"https:\/\/wuuff.taxi\/ro\/wp-json\/wp\/v2\/comments?post=1788"}],"version-history":[{"count":10,"href":"https:\/\/wuuff.taxi\/ro\/wp-json\/wp\/v2\/pages\/1788\/revisions"}],"predecessor-version":[{"id":2072,"href":"https:\/\/wuuff.taxi\/ro\/wp-json\/wp\/v2\/pages\/1788\/revisions\/2072"}],"wp:attachment":[{"href":"https:\/\/wuuff.taxi\/ro\/wp-json\/wp\/v2\/media?parent=1788"}],"curies":[{"name":"wp","href":"https:\/\/api.w.org\/{rel}","templated":true}]}}