{"id":1850,"date":"2021-02-05T07:32:24","date_gmt":"2021-02-05T07:32:24","guid":{"rendered":"https:\/\/wuuff.taxi\/clone-of-informaciok\/"},"modified":"2021-02-10T11:47:15","modified_gmt":"2021-02-10T11:47:15","slug":"informatii-transport-animale","status":"publish","type":"page","link":"https:\/\/wuuff.taxi\/ro\/informatii-transport-animale\/","title":{"rendered":"Informa\u021bii"},"content":{"rendered":"<p>INFORMA\u021aII<\/p>\n<h1><strong><span data-sheets-userformat=\"{&quot;2&quot;:961,&quot;3&quot;:{&quot;1&quot;:0},&quot;9&quot;:0,&quot;10&quot;:1,&quot;11&quot;:4,&quot;12&quot;:0}\" data-sheets-value=\"{&quot;1&quot;:2,&quot;2&quot;:&quot;Condi\u021biile \u0219i procedura transportului&quot;}\">Condi\u021biile \u0219i procedura <\/span><\/strong><\/h1>\n<h1><strong>transportului<\/strong><\/h1>\n<h2><strong><span data-sheets-userformat=\"{&quot;2&quot;:961,&quot;3&quot;:{&quot;1&quot;:0},&quot;9&quot;:0,&quot;10&quot;:1,&quot;11&quot;:4,&quot;12&quot;:0}\" data-sheets-value=\"{&quot;1&quot;:2,&quot;2&quot;:&quot;Condi\u021bii &quot;}\">Condi\u021bii <\/span><\/strong><\/h2>\n<p dir=\"ltr\"><span data-sheets-userformat=\"{&quot;2&quot;:961,&quot;3&quot;:{&quot;1&quot;:0},&quot;9&quot;:0,&quot;10&quot;:1,&quot;11&quot;:4,&quot;12&quot;:0}\" data-sheets-value=\"{&quot;1&quot;:2,&quot;2&quot;:&quot;Fiecare transport difer\u0103. Trebuie respectate regulile speciale ale fiec\u0103rei \u021b\u0103ri, dar una este fix\u0103: transport\u0103m numai legal!&quot;}\">Fiecare transport difer\u0103. Trebuie respectate regulile speciale ale fiec\u0103rei \u021b\u0103ri, dar una este fix\u0103: transport\u0103m numai legal!<\/span><\/p>\n<p dir=\"ltr\"><span data-sheets-userformat=\"{&quot;2&quot;:961,&quot;3&quot;:{&quot;1&quot;:0},&quot;9&quot;:0,&quot;10&quot;:1,&quot;11&quot;:4,&quot;12&quot;:0}\" data-sheets-value=\"{&quot;1&quot;:2,&quot;2&quot;:&quot;Conform legii generale europene, pentru transportul animalelor pa\u0219aportul valabil, transponderul \u0219i vaccinul antirabic sunt obligatorii. \u00cen cazul puiu\u021bilor, valabilitatea vaccinului intr\u0103 \u00een vigoare la a 22-a zi, dup\u0103 administrare. \u00cen cazul animalelor adul\u021bi, care au primit regulat vaccinul, dac\u0103 au primit antirabicul \u00een termenul de valabilitate, nu mai este nevoie s\u0103 a\u0219tept\u0103m \u00eenc\u0103 21 de zile.&quot;}\">Conform legii generale europene, pentru transportul animalelor pa\u0219aportul valabil, transponderul \u0219i vaccinul antirabic sunt obligatorii. \u00cen cazul puiu\u021bilor, valabilitatea vaccinului intr\u0103 \u00een vigoare la a 22-a zi, dup\u0103 administrare. \u00cen cazul animalelor adul\u021bi, care au primit regulat vaccinul, dac\u0103 au primit antirabicul \u00een termenul de valabilitate, nu mai este nevoie s\u0103 a\u0219tept\u0103m \u00eenc\u0103 21 de zile.<\/span><\/p>\n<p dir=\"ltr\"><span data-sheets-userformat=\"{&quot;2&quot;:961,&quot;3&quot;:{&quot;1&quot;:0},&quot;9&quot;:0,&quot;10&quot;:1,&quot;11&quot;:4,&quot;12&quot;:0}\" data-sheets-value=\"{&quot;1&quot;:2,&quot;2&quot;:&quot;Dac\u0103 destina\u021bia este dat\u0103, ne vom consulta individual despre condi\u021bii.&quot;}\">Dac\u0103 destina\u021bia este dat\u0103, ne vom consulta individual despre condi\u021bii.<\/span><\/p>\n<h2><strong>Metoda comenzii<\/strong><\/h2>\n<h4><strong>1. Ofert\u0103 de pre\u021b<\/strong><\/h4>\n<p>Cu ajutorul calculatorului de pre\u021b pute\u021bi afla imediat costul transportului, dup\u0103 care pute\u021bi plasa imediat comanda. Dac\u0103 a\u0219a considera\u021bi c\u0103 e mai u\u0219or, atunci pute\u021bi cere o ofert\u0103 prin telefon.<\/p>\n<h4><strong>2. Confirmarea comenzii<\/strong><\/h4>\n<p>Pentru finalizarea comenzii lu\u0103m leg\u0103tura cu Dvs. prin e-mail sau telefon. Atunci vom specifica conditiile transportului.<\/p>\n<h4><strong>3. Acceptarea ofertei<\/strong><\/h4>\n<p>Dup\u0103 acceptarea ofertei noastre scrise, verific\u0103m \u00eempreun\u0103 existen\u021ba documenta\u021biei necesare, v\u0103 ajut\u0103m \u00een preg\u0103tirea lor.<\/p>\n<h4><strong>4. Predare<\/strong><\/h4>\n<p>\u00cenainte de pornirea la drum, prelu\u0103m pasagerul nostru la o dat\u0103 \u0219i loca\u021bie stabilit\u0103. Verific\u0103m \u00eenc\u0103 o dat\u0103 dac\u0103 pasagerul (anim\u0103lu\u021bul) \u0219i documentele \u00eendeplinesc cerin\u021bele legale.<\/p>\n<h4><strong>5. C\u0103l\u0103toria, sosirea<\/strong><\/h4>\n<p>Colegul nostru calificat are grij\u0103 de anim\u0103lu\u021bul Dvs cu cea mai mare aten\u021bie \u0219i devotament p\u00e2n\u0103 la ultima clip\u0103 a c\u0103l\u0103toriei. Nu \u00een ultimul r\u00e2nd face poze sau videoclip \u00een momentul revederii\/\u00eent\u00e2lnirii. Anun\u021b\u0103m destinatarul din timp despre data si ora exact\u0103 a sosirii.<\/p>\n<h2 style=\"text-align: left;\"><strong>\u00centreb\u0103ri frecvente<\/strong><\/h2>\n<p>Ce acte am nevoie?<\/p>\n<p dir=\"ltr\">Conform legii generale europene, pentru transportul animalelor pa\u0219aportul valabil, transponderul \u0219i vaccinul antirabic sunt obligatorii. \u00cen cazul puiu\u021bilor, valabilitatea vaccinului intr\u0103 \u00een vigoare la a 22-a zi, dup\u0103 administrare. \u00cen cazul animalelor adul\u021bi, care au primit regulat vaccinul, dac\u0103 au primit antirabicul \u00een termenul de valabilitate, nu mai este nevoie s\u0103 a\u0219tept\u0103m \u00eenc\u0103 21 de zile.<\/p>\n<p dir=\"ltr\">V\u0103 sf\u0103tuim s\u0103 ata\u0219a\u021bi \u00eentr-un dosar contractul de v\u00e2nzare-cump\u0103rare \u0219i carnetul de s\u0103n\u0103tate al animalului pe care dori\u021bi s\u0103 trimite\u021bi la destina\u021bie.<\/p>\n<p dir=\"ltr\">Dac\u0103 dori\u021bi s\u0103 transporta\u021bi \u00een afara Europei, v\u0103 rog s\u0103 ne contacta\u021bi pentru detalii.<\/p>\n<p>Cu ce fel de ma\u0219in\u0103 transporta\u021bi?<\/p>\n<p>Ma\u0219inile noastre nou-nou\u021be, un Citroen Jumper \u0219i un Opel Combo, au fost concepute special pentru tranportarea animalelor de companie \u0219i sunt dotate cu toate lucrurile necesare pentru transportul sigur \u0219i comod al animalelor.<\/p>\n<p>Ma\u0219inile sunt curate, dotate cu aer condi\u021bionat, cu ventila\u021bie interioar\u0103, astfel le putem asigura o temperatur\u0103 constant\u0103 de 20 grade pe tot parcursul anului.<\/p>\n<p>Animalele c\u0103l\u0103toresc \u00een cu\u0219ti de transport montate \u00een ma\u0219in\u0103 sau individuale?<\/p>\n<p>Ma\u0219inile noastre au fost concepute \u00een a\u0219a fel \u00eenc\u00e2t s\u0103 putem fixa \u00eentr-un mod sigur cu\u0219tile de transport \u00een vehicul. Conform experien\u021belor noastre, \u00een acest fel at\u00e2t interiorul ma\u0219inii, dar \u0219i cu\u0219ca de transport se poate cur\u0103\u021ba \u0219i dezinfecta mult mai u\u0219or.<\/p>\n<p>Sf\u0103tuim clientului nostru s\u0103 comande transportul \u00eempreun\u0103 cu cu\u0219c\u0103. Dac\u0103 dore\u0219te, poate s\u0103 achizi\u021bioneze de la noi cu\u0219ca de transport.<\/p>\n<p>Pot s\u0103 verific undeva la ce etap\u0103 a drumului se afl\u0103 anim\u0103lu\u021bul meu de companie?<\/p>\n<p>Urm\u0103rirea ma\u0219inii este disponibil\u0103 pentru clien\u021bii no\u0219tri.<\/p>\n<p>Pot s\u0103 vorbesc cu transportatorul?<\/p>\n<p>Colegii no\u0219tri \u021bin leg\u0103tura \u00eencontinuu cu \u0219oferul \u0219i cu \u00eenso\u021bitorul lui.<\/p>\n","protected":false},"excerpt":{"rendered":"<p>INFORMA\u021aII Condi\u021biile \u0219i procedura transportului Condi\u021bii Fiecare transport difer\u0103. Trebuie respectate regulile speciale ale fiec\u0103rei \u021b\u0103ri, dar una este fix\u0103: transport\u0103m numai legal! Conform legii generale europene, pentru transportul animalelor pa\u0219aportul valabil, transponderul \u0219i vaccinul antirabic sunt obligatorii. \u00cen cazul puiu\u021bilor, valabilitatea vaccinului intr\u0103 \u00een vigoare la a 22-a zi, dup\u0103 administrare. \u00cen cazul animalelor [&hellip;]<\/p>\n","protected":false},"author":3,"featured_media":0,"parent":0,"menu_order":0,"comment_status":"closed","ping_status":"closed","template":"","meta":{"footnotes":""},"class_list":["post-1850","page","type-page","status-publish","hentry","post-wrapper","thrv_wrapper"],"yoast_head":"<!-- This site is optimized with the Yoast SEO plugin v27.5 - https:\/\/yoast.com\/product\/yoast-seo-wordpress\/ -->\n<title>Informa\u021bii - Wuuff taxi<\/title>\n<meta name=\"description\" content=\"Afla\u021bi ce condi\u021bii sunt necesare pentru transportul rutier sau aerian unui c\u00e2ine, pisic\u0103 sau alt animal de companie.\" \/>\n<meta name=\"robots\" content=\"index, follow, max-snippet:-1, max-image-preview:large, max-video-preview:-1\" \/>\n<link rel=\"canonical\" href=\"https:\/\/wuuff.taxi\/ro\/informatii-transport-animale\/\" \/>\n<meta property=\"og:locale\" content=\"ro_RO\" \/>\n<meta property=\"og:type\" content=\"article\" \/>\n<meta property=\"og:title\" content=\"Informa\u021bii - Wuuff taxi\" \/>\n<meta property=\"og:description\" content=\"Afla\u021bi ce condi\u021bii sunt necesare pentru transportul rutier sau aerian unui c\u00e2ine, pisic\u0103 sau alt animal de companie.\" \/>\n<meta property=\"og:url\" content=\"https:\/\/wuuff.taxi\/ro\/informatii-transport-animale\/\" \/>\n<meta property=\"og:site_name\" content=\"Wuuff taxi\" \/>\n<meta property=\"article:publisher\" content=\"https:\/\/www.facebook.com\/Wuuff.Taxi.kutyaszallitas\/\" \/>\n<meta property=\"article:modified_time\" content=\"2021-02-10T11:47:15+00:00\" \/>\n<meta property=\"og:image\" content=\"https:\/\/wuuff.taxi\/wp-content\/uploads\/2021\/01\/Opel-Combo-Wuuff-Taxi.jpeg\" \/>\n\t<meta property=\"og:image:width\" content=\"600\" \/>\n\t<meta property=\"og:image:height\" content=\"388\" \/>\n\t<meta property=\"og:image:type\" content=\"image\/jpeg\" \/>\n<meta name=\"twitter:card\" content=\"summary_large_image\" \/>\n<meta name=\"twitter:label1\" content=\"Timp estimat pentru citire\" \/>\n\t<meta name=\"twitter:data1\" content=\"3 minute\" \/>\n<script type=\"application\/ld+json\" class=\"yoast-schema-graph\">{\"@context\":\"https:\\\/\\\/schema.org\",\"@graph\":[{\"@type\":\"WebPage\",\"@id\":\"https:\\\/\\\/wuuff.taxi\\\/ro\\\/informatii-transport-animale\\\/\",\"url\":\"https:\\\/\\\/wuuff.taxi\\\/ro\\\/informatii-transport-animale\\\/\",\"name\":\"Informa\u021bii - Wuuff taxi\",\"isPartOf\":{\"@id\":\"https:\\\/\\\/wuuff.taxi\\\/ro\\\/#website\"},\"datePublished\":\"2021-02-05T07:32:24+00:00\",\"dateModified\":\"2021-02-10T11:47:15+00:00\",\"description\":\"Afla\u021bi ce condi\u021bii sunt necesare pentru transportul rutier sau aerian unui c\u00e2ine, pisic\u0103 sau alt animal de companie.\",\"breadcrumb\":{\"@id\":\"https:\\\/\\\/wuuff.taxi\\\/ro\\\/informatii-transport-animale\\\/#breadcrumb\"},\"inLanguage\":\"ro-RO\",\"potentialAction\":[{\"@type\":\"ReadAction\",\"target\":[\"https:\\\/\\\/wuuff.taxi\\\/ro\\\/informatii-transport-animale\\\/\"]}]},{\"@type\":\"BreadcrumbList\",\"@id\":\"https:\\\/\\\/wuuff.taxi\\\/ro\\\/informatii-transport-animale\\\/#breadcrumb\",\"itemListElement\":[{\"@type\":\"ListItem\",\"position\":1,\"name\":\"Home\",\"item\":\"https:\\\/\\\/wuuff.taxi\\\/ro\\\/\"},{\"@type\":\"ListItem\",\"position\":2,\"name\":\"Informa\u021bii\"}]},{\"@type\":\"WebSite\",\"@id\":\"https:\\\/\\\/wuuff.taxi\\\/ro\\\/#website\",\"url\":\"https:\\\/\\\/wuuff.taxi\\\/ro\\\/\",\"name\":\"Wuuff taxi\",\"description\":\"Transportul animalelor de companie \u00een siguran\u021b\u0103 - Wuuff taxi\",\"publisher\":{\"@id\":\"https:\\\/\\\/wuuff.taxi\\\/ro\\\/#organization\"},\"potentialAction\":[{\"@type\":\"SearchAction\",\"target\":{\"@type\":\"EntryPoint\",\"urlTemplate\":\"https:\\\/\\\/wuuff.taxi\\\/ro\\\/?s={search_term_string}\"},\"query-input\":{\"@type\":\"PropertyValueSpecification\",\"valueRequired\":true,\"valueName\":\"search_term_string\"}}],\"inLanguage\":\"ro-RO\"},{\"@type\":\"Organization\",\"@id\":\"https:\\\/\\\/wuuff.taxi\\\/ro\\\/#organization\",\"name\":\"Euro Puppy Kft.\",\"url\":\"https:\\\/\\\/wuuff.taxi\\\/ro\\\/\",\"logo\":{\"@type\":\"ImageObject\",\"inLanguage\":\"ro-RO\",\"@id\":\"https:\\\/\\\/wuuff.taxi\\\/ro\\\/#\\\/schema\\\/logo\\\/image\\\/\",\"url\":\"https:\\\/\\\/wuuff.taxi\\\/wp-content\\\/uploads\\\/2025\\\/07\\\/wuuff.taxi-square.png\",\"contentUrl\":\"https:\\\/\\\/wuuff.taxi\\\/wp-content\\\/uploads\\\/2025\\\/07\\\/wuuff.taxi-square.png\",\"width\":824,\"height\":821,\"caption\":\"Euro Puppy Kft.\"},\"image\":{\"@id\":\"https:\\\/\\\/wuuff.taxi\\\/ro\\\/#\\\/schema\\\/logo\\\/image\\\/\"},\"sameAs\":[\"https:\\\/\\\/www.facebook.com\\\/Wuuff.Taxi.kutyaszallitas\\\/\"]}]}<\/script>\n<!-- \/ Yoast SEO plugin. -->","yoast_head_json":{"title":"Informa\u021bii - Wuuff taxi","description":"Afla\u021bi ce condi\u021bii sunt necesare pentru transportul rutier sau aerian unui c\u00e2ine, pisic\u0103 sau alt animal de companie.","robots":{"index":"index","follow":"follow","max-snippet":"max-snippet:-1","max-image-preview":"max-image-preview:large","max-video-preview":"max-video-preview:-1"},"canonical":"https:\/\/wuuff.taxi\/ro\/informatii-transport-animale\/","og_locale":"ro_RO","og_type":"article","og_title":"Informa\u021bii - Wuuff taxi","og_description":"Afla\u021bi ce condi\u021bii sunt necesare pentru transportul rutier sau aerian unui c\u00e2ine, pisic\u0103 sau alt animal de companie.","og_url":"https:\/\/wuuff.taxi\/ro\/informatii-transport-animale\/","og_site_name":"Wuuff taxi","article_publisher":"https:\/\/www.facebook.com\/Wuuff.Taxi.kutyaszallitas\/","article_modified_time":"2021-02-10T11:47:15+00:00","og_image":[{"width":600,"height":388,"url":"https:\/\/wuuff.taxi\/wp-content\/uploads\/2021\/01\/Opel-Combo-Wuuff-Taxi.jpeg","type":"image\/jpeg"}],"twitter_card":"summary_large_image","twitter_misc":{"Timp estimat pentru citire":"3 minute"},"schema":{"@context":"https:\/\/schema.org","@graph":[{"@type":"WebPage","@id":"https:\/\/wuuff.taxi\/ro\/informatii-transport-animale\/","url":"https:\/\/wuuff.taxi\/ro\/informatii-transport-animale\/","name":"Informa\u021bii - Wuuff taxi","isPartOf":{"@id":"https:\/\/wuuff.taxi\/ro\/#website"},"datePublished":"2021-02-05T07:32:24+00:00","dateModified":"2021-02-10T11:47:15+00:00","description":"Afla\u021bi ce condi\u021bii sunt necesare pentru transportul rutier sau aerian unui c\u00e2ine, pisic\u0103 sau alt animal de companie.","breadcrumb":{"@id":"https:\/\/wuuff.taxi\/ro\/informatii-transport-animale\/#breadcrumb"},"inLanguage":"ro-RO","potentialAction":[{"@type":"ReadAction","target":["https:\/\/wuuff.taxi\/ro\/informatii-transport-animale\/"]}]},{"@type":"BreadcrumbList","@id":"https:\/\/wuuff.taxi\/ro\/informatii-transport-animale\/#breadcrumb","itemListElement":[{"@type":"ListItem","position":1,"name":"Home","item":"https:\/\/wuuff.taxi\/ro\/"},{"@type":"ListItem","position":2,"name":"Informa\u021bii"}]},{"@type":"WebSite","@id":"https:\/\/wuuff.taxi\/ro\/#website","url":"https:\/\/wuuff.taxi\/ro\/","name":"Wuuff taxi","description":"Transportul animalelor de companie \u00een siguran\u021b\u0103 - Wuuff taxi","publisher":{"@id":"https:\/\/wuuff.taxi\/ro\/#organization"},"potentialAction":[{"@type":"SearchAction","target":{"@type":"EntryPoint","urlTemplate":"https:\/\/wuuff.taxi\/ro\/?s={search_term_string}"},"query-input":{"@type":"PropertyValueSpecification","valueRequired":true,"valueName":"search_term_string"}}],"inLanguage":"ro-RO"},{"@type":"Organization","@id":"https:\/\/wuuff.taxi\/ro\/#organization","name":"Euro Puppy Kft.","url":"https:\/\/wuuff.taxi\/ro\/","logo":{"@type":"ImageObject","inLanguage":"ro-RO","@id":"https:\/\/wuuff.taxi\/ro\/#\/schema\/logo\/image\/","url":"https:\/\/wuuff.taxi\/wp-content\/uploads\/2025\/07\/wuuff.taxi-square.png","contentUrl":"https:\/\/wuuff.taxi\/wp-content\/uploads\/2025\/07\/wuuff.taxi-square.png","width":824,"height":821,"caption":"Euro Puppy Kft."},"image":{"@id":"https:\/\/wuuff.taxi\/ro\/#\/schema\/logo\/image\/"},"sameAs":["https:\/\/www.facebook.com\/Wuuff.Taxi.kutyaszallitas\/"]}]}},"_links":{"self":[{"href":"https:\/\/wuuff.taxi\/ro\/wp-json\/wp\/v2\/pages\/1850","targetHints":{"allow":["GET"]}}],"collection":[{"href":"https:\/\/wuuff.taxi\/ro\/wp-json\/wp\/v2\/pages"}],"about":[{"href":"https:\/\/wuuff.taxi\/ro\/wp-json\/wp\/v2\/types\/page"}],"author":[{"embeddable":true,"href":"https:\/\/wuuff.taxi\/ro\/wp-json\/wp\/v2\/users\/3"}],"replies":[{"embeddable":true,"href":"https:\/\/wuuff.taxi\/ro\/wp-json\/wp\/v2\/comments?post=1850"}],"version-history":[{"count":17,"href":"https:\/\/wuuff.taxi\/ro\/wp-json\/wp\/v2\/pages\/1850\/revisions"}],"predecessor-version":[{"id":2070,"href":"https:\/\/wuuff.taxi\/ro\/wp-json\/wp\/v2\/pages\/1850\/revisions\/2070"}],"wp:attachment":[{"href":"https:\/\/wuuff.taxi\/ro\/wp-json\/wp\/v2\/media?parent=1850"}],"curies":[{"name":"wp","href":"https:\/\/api.w.org\/{rel}","templated":true}]}}