{"id":1935,"date":"2021-02-08T09:41:50","date_gmt":"2021-02-08T09:41:50","guid":{"rendered":"https:\/\/wuuff.taxi\/clone-of-kapcsolat\/"},"modified":"2021-02-10T12:59:26","modified_gmt":"2021-02-10T12:59:26","slug":"contact","status":"publish","type":"page","link":"https:\/\/wuuff.taxi\/ro\/contact\/","title":{"rendered":"Contacteaz\u0103-ne"},"content":{"rendered":"<h1><strong><span data-sheets-userformat=\"{&quot;2&quot;:961,&quot;3&quot;:{&quot;1&quot;:0},&quot;9&quot;:0,&quot;10&quot;:1,&quot;11&quot;:4,&quot;12&quot;:0}\" data-sheets-value=\"{&quot;1&quot;:2,&quot;2&quot;:&quot;Contacteaz\u0103-ne!&quot;}\">Contacteaz\u0103-ne!<\/span><\/strong><\/h1>\n<h2><span data-sheets-userformat=\"{&quot;2&quot;:961,&quot;3&quot;:{&quot;1&quot;:0},&quot;9&quot;:0,&quot;10&quot;:1,&quot;11&quot;:4,&quot;12&quot;:0}\" data-sheets-value=\"{&quot;1&quot;:2,&quot;2&quot;:&quot;Contact&quot;}\">Contact<\/span><\/h2>\n<p><span data-sheets-userformat=\"{&quot;2&quot;:961,&quot;3&quot;:{&quot;1&quot;:0},&quot;9&quot;:0,&quot;10&quot;:1,&quot;11&quot;:4,&quot;12&quot;:0}\" data-sheets-value=\"{&quot;1&quot;:2,&quot;2&quot;:&quot;Dac\u0103 sunte\u021bi interesat de transport, v\u0103 rug\u0103m s\u0103 include\u021bi informa\u021biile de transport disponibile \u00een mesajul dvs.&quot;}\">Dac\u0103 sunte\u021bi interesat de transport, v\u0103 rug\u0103m s\u0103 include\u021bi informa\u021biile de transport disponibile \u00een mesajul dvs.<\/span><\/p>\n<p>Euro Puppy Kft.<\/p>\n<p>Str. K\u0151\u00e9r nr. 2\/A, 1103 Budapesta, Ungaria<\/p>\n<p><span data-attr-id=\"3\" data-extra_key=\"1\" data-option-inline=\"1\" data-shortcode=\"thrive_global_fields\" data-shortcode-name=\"[Company] Phone number\">+36  70 389-5723<\/span><\/p>\n<p><span data-attr-id=\"5\" data-extra_key=\"1\" data-option-inline=\"1\" data-shortcode=\"thrive_global_fields\" data-shortcode-name=\"[Company] Email address\">szallitas@wuuff.taxi<\/span><\/p>\n","protected":false},"excerpt":{"rendered":"<p>Contacteaz\u0103-ne! Contact Dac\u0103 sunte\u021bi interesat de transport, v\u0103 rug\u0103m s\u0103 include\u021bi informa\u021biile de transport disponibile \u00een mesajul dvs. Euro Puppy Kft. Str. K\u0151\u00e9r nr. 2\/A, 1103 Budapesta, Ungaria<\/p>\n","protected":false},"author":3,"featured_media":0,"parent":0,"menu_order":0,"comment_status":"closed","ping_status":"closed","template":"","meta":{"footnotes":"","tve_updated_post":"","tve_custom_css":"","tve_user_custom_css":"","tve_globals":{},"tcb2_ready":1,"tcb_editor_enabled":1,"tve_landing_page":"tcb2-blank-page","_tve_header":"117","_tve_footer":"119"},"class_list":["post-1935","page","type-page","status-publish","hentry","post-wrapper","thrv_wrapper"],"yoast_head":"<!-- This site is optimized with the Yoast SEO plugin v27.5 - https:\/\/yoast.com\/product\/yoast-seo-wordpress\/ -->\n<title>Sunte\u021bi interesat de transportul animalelor de companie? Contacta\u021bi-ne.<\/title>\n<meta name=\"description\" content=\"Nu ezita\u021bi s\u0103 ne contacta\u021bi dac\u0103 sunte\u021bi interesat s\u0103 transporta\u021bi un animal de companie. Suntem disponibili prin e-mail \u0219i telefon.\" \/>\n<meta name=\"robots\" content=\"index, follow, max-snippet:-1, max-image-preview:large, max-video-preview:-1\" \/>\n<link rel=\"canonical\" href=\"https:\/\/wuuff.taxi\/ro\/contact\/\" \/>\n<meta property=\"og:locale\" content=\"ro_RO\" \/>\n<meta property=\"og:type\" content=\"article\" \/>\n<meta property=\"og:title\" content=\"Sunte\u021bi interesat de transportul animalelor de companie? Contacta\u021bi-ne.\" \/>\n<meta property=\"og:description\" content=\"Nu ezita\u021bi s\u0103 ne contacta\u021bi dac\u0103 sunte\u021bi interesat s\u0103 transporta\u021bi un animal de companie. Suntem disponibili prin e-mail \u0219i telefon.\" \/>\n<meta property=\"og:url\" content=\"https:\/\/wuuff.taxi\/ro\/contact\/\" \/>\n<meta property=\"og:site_name\" content=\"Wuuff taxi\" \/>\n<meta property=\"article:publisher\" content=\"https:\/\/www.facebook.com\/Wuuff.Taxi.kutyaszallitas\/\" \/>\n<meta property=\"article:modified_time\" content=\"2021-02-10T12:59:26+00:00\" \/>\n<meta property=\"og:image\" content=\"https:\/\/wuuff.taxi\/wp-content\/uploads\/2021\/01\/Opel-Combo-Wuuff-Taxi.jpeg\" \/>\n\t<meta property=\"og:image:width\" content=\"600\" \/>\n\t<meta property=\"og:image:height\" content=\"388\" \/>\n\t<meta property=\"og:image:type\" content=\"image\/jpeg\" \/>\n<meta name=\"twitter:card\" content=\"summary_large_image\" \/>\n<script type=\"application\/ld+json\" class=\"yoast-schema-graph\">{\"@context\":\"https:\\\/\\\/schema.org\",\"@graph\":[{\"@type\":\"WebPage\",\"@id\":\"https:\\\/\\\/wuuff.taxi\\\/ro\\\/contact\\\/\",\"url\":\"https:\\\/\\\/wuuff.taxi\\\/ro\\\/contact\\\/\",\"name\":\"Sunte\u021bi interesat de transportul animalelor de companie? Contacta\u021bi-ne.\",\"isPartOf\":{\"@id\":\"https:\\\/\\\/wuuff.taxi\\\/ro\\\/#website\"},\"datePublished\":\"2021-02-08T09:41:50+00:00\",\"dateModified\":\"2021-02-10T12:59:26+00:00\",\"description\":\"Nu ezita\u021bi s\u0103 ne contacta\u021bi dac\u0103 sunte\u021bi interesat s\u0103 transporta\u021bi un animal de companie. Suntem disponibili prin e-mail \u0219i telefon.\",\"breadcrumb\":{\"@id\":\"https:\\\/\\\/wuuff.taxi\\\/ro\\\/contact\\\/#breadcrumb\"},\"inLanguage\":\"ro-RO\",\"potentialAction\":[{\"@type\":\"ReadAction\",\"target\":[\"https:\\\/\\\/wuuff.taxi\\\/ro\\\/contact\\\/\"]}]},{\"@type\":\"BreadcrumbList\",\"@id\":\"https:\\\/\\\/wuuff.taxi\\\/ro\\\/contact\\\/#breadcrumb\",\"itemListElement\":[{\"@type\":\"ListItem\",\"position\":1,\"name\":\"Home\",\"item\":\"https:\\\/\\\/wuuff.taxi\\\/ro\\\/\"},{\"@type\":\"ListItem\",\"position\":2,\"name\":\"Contacteaz\u0103-ne\"}]},{\"@type\":\"WebSite\",\"@id\":\"https:\\\/\\\/wuuff.taxi\\\/ro\\\/#website\",\"url\":\"https:\\\/\\\/wuuff.taxi\\\/ro\\\/\",\"name\":\"Wuuff taxi\",\"description\":\"Transportul animalelor de companie \u00een siguran\u021b\u0103 - Wuuff taxi\",\"publisher\":{\"@id\":\"https:\\\/\\\/wuuff.taxi\\\/ro\\\/#organization\"},\"potentialAction\":[{\"@type\":\"SearchAction\",\"target\":{\"@type\":\"EntryPoint\",\"urlTemplate\":\"https:\\\/\\\/wuuff.taxi\\\/ro\\\/?s={search_term_string}\"},\"query-input\":{\"@type\":\"PropertyValueSpecification\",\"valueRequired\":true,\"valueName\":\"search_term_string\"}}],\"inLanguage\":\"ro-RO\"},{\"@type\":\"Organization\",\"@id\":\"https:\\\/\\\/wuuff.taxi\\\/ro\\\/#organization\",\"name\":\"Euro Puppy Kft.\",\"url\":\"https:\\\/\\\/wuuff.taxi\\\/ro\\\/\",\"logo\":{\"@type\":\"ImageObject\",\"inLanguage\":\"ro-RO\",\"@id\":\"https:\\\/\\\/wuuff.taxi\\\/ro\\\/#\\\/schema\\\/logo\\\/image\\\/\",\"url\":\"https:\\\/\\\/wuuff.taxi\\\/wp-content\\\/uploads\\\/2025\\\/07\\\/wuuff.taxi-square.png\",\"contentUrl\":\"https:\\\/\\\/wuuff.taxi\\\/wp-content\\\/uploads\\\/2025\\\/07\\\/wuuff.taxi-square.png\",\"width\":824,\"height\":821,\"caption\":\"Euro Puppy Kft.\"},\"image\":{\"@id\":\"https:\\\/\\\/wuuff.taxi\\\/ro\\\/#\\\/schema\\\/logo\\\/image\\\/\"},\"sameAs\":[\"https:\\\/\\\/www.facebook.com\\\/Wuuff.Taxi.kutyaszallitas\\\/\"]}]}<\/script>\n<!-- \/ Yoast SEO plugin. -->","yoast_head_json":{"title":"Sunte\u021bi interesat de transportul animalelor de companie? Contacta\u021bi-ne.","description":"Nu ezita\u021bi s\u0103 ne contacta\u021bi dac\u0103 sunte\u021bi interesat s\u0103 transporta\u021bi un animal de companie. Suntem disponibili prin e-mail \u0219i telefon.","robots":{"index":"index","follow":"follow","max-snippet":"max-snippet:-1","max-image-preview":"max-image-preview:large","max-video-preview":"max-video-preview:-1"},"canonical":"https:\/\/wuuff.taxi\/ro\/contact\/","og_locale":"ro_RO","og_type":"article","og_title":"Sunte\u021bi interesat de transportul animalelor de companie? Contacta\u021bi-ne.","og_description":"Nu ezita\u021bi s\u0103 ne contacta\u021bi dac\u0103 sunte\u021bi interesat s\u0103 transporta\u021bi un animal de companie. Suntem disponibili prin e-mail \u0219i telefon.","og_url":"https:\/\/wuuff.taxi\/ro\/contact\/","og_site_name":"Wuuff taxi","article_publisher":"https:\/\/www.facebook.com\/Wuuff.Taxi.kutyaszallitas\/","article_modified_time":"2021-02-10T12:59:26+00:00","og_image":[{"width":600,"height":388,"url":"https:\/\/wuuff.taxi\/wp-content\/uploads\/2021\/01\/Opel-Combo-Wuuff-Taxi.jpeg","type":"image\/jpeg"}],"twitter_card":"summary_large_image","schema":{"@context":"https:\/\/schema.org","@graph":[{"@type":"WebPage","@id":"https:\/\/wuuff.taxi\/ro\/contact\/","url":"https:\/\/wuuff.taxi\/ro\/contact\/","name":"Sunte\u021bi interesat de transportul animalelor de companie? Contacta\u021bi-ne.","isPartOf":{"@id":"https:\/\/wuuff.taxi\/ro\/#website"},"datePublished":"2021-02-08T09:41:50+00:00","dateModified":"2021-02-10T12:59:26+00:00","description":"Nu ezita\u021bi s\u0103 ne contacta\u021bi dac\u0103 sunte\u021bi interesat s\u0103 transporta\u021bi un animal de companie. Suntem disponibili prin e-mail \u0219i telefon.","breadcrumb":{"@id":"https:\/\/wuuff.taxi\/ro\/contact\/#breadcrumb"},"inLanguage":"ro-RO","potentialAction":[{"@type":"ReadAction","target":["https:\/\/wuuff.taxi\/ro\/contact\/"]}]},{"@type":"BreadcrumbList","@id":"https:\/\/wuuff.taxi\/ro\/contact\/#breadcrumb","itemListElement":[{"@type":"ListItem","position":1,"name":"Home","item":"https:\/\/wuuff.taxi\/ro\/"},{"@type":"ListItem","position":2,"name":"Contacteaz\u0103-ne"}]},{"@type":"WebSite","@id":"https:\/\/wuuff.taxi\/ro\/#website","url":"https:\/\/wuuff.taxi\/ro\/","name":"Wuuff taxi","description":"Transportul animalelor de companie \u00een siguran\u021b\u0103 - Wuuff taxi","publisher":{"@id":"https:\/\/wuuff.taxi\/ro\/#organization"},"potentialAction":[{"@type":"SearchAction","target":{"@type":"EntryPoint","urlTemplate":"https:\/\/wuuff.taxi\/ro\/?s={search_term_string}"},"query-input":{"@type":"PropertyValueSpecification","valueRequired":true,"valueName":"search_term_string"}}],"inLanguage":"ro-RO"},{"@type":"Organization","@id":"https:\/\/wuuff.taxi\/ro\/#organization","name":"Euro Puppy Kft.","url":"https:\/\/wuuff.taxi\/ro\/","logo":{"@type":"ImageObject","inLanguage":"ro-RO","@id":"https:\/\/wuuff.taxi\/ro\/#\/schema\/logo\/image\/","url":"https:\/\/wuuff.taxi\/wp-content\/uploads\/2025\/07\/wuuff.taxi-square.png","contentUrl":"https:\/\/wuuff.taxi\/wp-content\/uploads\/2025\/07\/wuuff.taxi-square.png","width":824,"height":821,"caption":"Euro Puppy Kft."},"image":{"@id":"https:\/\/wuuff.taxi\/ro\/#\/schema\/logo\/image\/"},"sameAs":["https:\/\/www.facebook.com\/Wuuff.Taxi.kutyaszallitas\/"]}]}},"_links":{"self":[{"href":"https:\/\/wuuff.taxi\/ro\/wp-json\/wp\/v2\/pages\/1935","targetHints":{"allow":["GET"]}}],"collection":[{"href":"https:\/\/wuuff.taxi\/ro\/wp-json\/wp\/v2\/pages"}],"about":[{"href":"https:\/\/wuuff.taxi\/ro\/wp-json\/wp\/v2\/types\/page"}],"author":[{"embeddable":true,"href":"https:\/\/wuuff.taxi\/ro\/wp-json\/wp\/v2\/users\/3"}],"replies":[{"embeddable":true,"href":"https:\/\/wuuff.taxi\/ro\/wp-json\/wp\/v2\/comments?post=1935"}],"version-history":[{"count":13,"href":"https:\/\/wuuff.taxi\/ro\/wp-json\/wp\/v2\/pages\/1935\/revisions"}],"predecessor-version":[{"id":2156,"href":"https:\/\/wuuff.taxi\/ro\/wp-json\/wp\/v2\/pages\/1935\/revisions\/2156"}],"wp:attachment":[{"href":"https:\/\/wuuff.taxi\/ro\/wp-json\/wp\/v2\/media?parent=1935"}],"curies":[{"name":"wp","href":"https:\/\/api.w.org\/{rel}","templated":true}]}}