{"id":1965,"date":"2020-09-10T09:35:22","date_gmt":"2020-09-10T09:35:22","guid":{"rendered":"https:\/\/wuuff.taxi\/kutyaszallitas\/"},"modified":"2021-02-16T08:59:50","modified_gmt":"2021-02-16T08:59:50","slug":"kutyaszallitas","status":"publish","type":"page","link":"https:\/\/wuuff.taxi\/ro\/","title":{"rendered":"Pagina principal\u0103"},"content":{"rendered":"<p>This has been autogenerated as a placeholder for homepage.<\/p>\n","protected":false},"excerpt":{"rendered":"<p>This has been autogenerated as a placeholder for homepage.<\/p>\n","protected":false},"author":2,"featured_media":0,"parent":0,"menu_order":0,"comment_status":"closed","ping_status":"closed","template":"","meta":{"footnotes":"","tve_updated_post":"","tve_custom_css":"","tve_user_custom_css":"","tve_globals":{},"tcb2_ready":0,"tcb_editor_enabled":0,"tve_landing_page":"tcb2-homepage-service-business-focused","_tve_header":"117","_tve_footer":"119"},"class_list":["post-1965","page","type-page","status-publish","hentry","post-wrapper","thrv_wrapper"],"yoast_head":"<!-- This site is optimized with the Yoast SEO plugin v27.5 - https:\/\/yoast.com\/product\/yoast-seo-wordpress\/ -->\n<title>Transportul c\u00e2inilor, pisicilor \u0219i altor animale de companie \u00een str\u0103in\u0103tate - cu ma\u0219in\u0103 sau cu avion.<\/title>\n<meta name=\"description\" content=\"Transportul rutier sau chiar aerian a c\u00e2inilor \u0219i pisicilor \u00een Europa. V\u0103 ducem animalul de companie cu avionul oriunde \u00een lume.\" \/>\n<meta name=\"robots\" content=\"index, follow, max-snippet:-1, max-image-preview:large, max-video-preview:-1\" \/>\n<link rel=\"canonical\" href=\"https:\/\/wuuff.taxi\/ro\/\" \/>\n<meta property=\"og:locale\" content=\"ro_RO\" \/>\n<meta property=\"og:type\" content=\"article\" \/>\n<meta property=\"og:title\" content=\"Transportul c\u00e2inilor, pisicilor \u0219i altor animale de companie \u00een str\u0103in\u0103tate - cu ma\u0219in\u0103 sau cu avion.\" \/>\n<meta property=\"og:description\" content=\"Transportul rutier sau chiar aerian a c\u00e2inilor \u0219i pisicilor \u00een Europa. V\u0103 ducem animalul de companie cu avionul oriunde \u00een lume.\" \/>\n<meta property=\"og:url\" content=\"https:\/\/wuuff.taxi\/ro\/\" \/>\n<meta property=\"og:site_name\" content=\"Wuuff taxi\" \/>\n<meta property=\"article:publisher\" content=\"https:\/\/www.facebook.com\/Wuuff.Taxi.kutyaszallitas\/\" \/>\n<meta property=\"article:modified_time\" content=\"2021-02-16T08:59:50+00:00\" \/>\n<meta property=\"og:image\" content=\"https:\/\/wuuff.taxi\/wp-content\/uploads\/2021\/01\/Opel-Combo-Wuuff-Taxi.jpeg\" \/>\n\t<meta property=\"og:image:width\" content=\"600\" \/>\n\t<meta property=\"og:image:height\" content=\"388\" \/>\n\t<meta property=\"og:image:type\" content=\"image\/jpeg\" \/>\n<meta name=\"twitter:card\" content=\"summary_large_image\" \/>\n<script type=\"application\/ld+json\" class=\"yoast-schema-graph\">{\"@context\":\"https:\\\/\\\/schema.org\",\"@graph\":[{\"@type\":\"WebPage\",\"@id\":\"https:\\\/\\\/wuuff.taxi\\\/ro\\\/\",\"url\":\"https:\\\/\\\/wuuff.taxi\\\/ro\\\/\",\"name\":\"Transportul c\u00e2inilor, pisicilor \u0219i altor animale de companie \u00een str\u0103in\u0103tate - cu ma\u0219in\u0103 sau cu avion.\",\"isPartOf\":{\"@id\":\"https:\\\/\\\/wuuff.taxi\\\/ro\\\/#website\"},\"datePublished\":\"2020-09-10T09:35:22+00:00\",\"dateModified\":\"2021-02-16T08:59:50+00:00\",\"description\":\"Transportul rutier sau chiar aerian a c\u00e2inilor \u0219i pisicilor \u00een Europa. V\u0103 ducem animalul de companie cu avionul oriunde \u00een lume.\",\"breadcrumb\":{\"@id\":\"https:\\\/\\\/wuuff.taxi\\\/ro\\\/#breadcrumb\"},\"inLanguage\":\"ro-RO\",\"potentialAction\":[{\"@type\":\"ReadAction\",\"target\":[\"https:\\\/\\\/wuuff.taxi\\\/ro\\\/\"]}]},{\"@type\":\"BreadcrumbList\",\"@id\":\"https:\\\/\\\/wuuff.taxi\\\/ro\\\/#breadcrumb\",\"itemListElement\":[{\"@type\":\"ListItem\",\"position\":1,\"name\":\"Home\",\"item\":\"https:\\\/\\\/wuuff.taxi\\\/ro\\\/\"},{\"@type\":\"ListItem\",\"position\":2,\"name\":\"Pagina principal\u0103\"}]},{\"@type\":\"WebSite\",\"@id\":\"https:\\\/\\\/wuuff.taxi\\\/ro\\\/#website\",\"url\":\"https:\\\/\\\/wuuff.taxi\\\/ro\\\/\",\"name\":\"Wuuff taxi\",\"description\":\"Transportul animalelor de companie \u00een siguran\u021b\u0103 - Wuuff taxi\",\"publisher\":{\"@id\":\"https:\\\/\\\/wuuff.taxi\\\/ro\\\/#organization\"},\"potentialAction\":[{\"@type\":\"SearchAction\",\"target\":{\"@type\":\"EntryPoint\",\"urlTemplate\":\"https:\\\/\\\/wuuff.taxi\\\/ro\\\/?s={search_term_string}\"},\"query-input\":{\"@type\":\"PropertyValueSpecification\",\"valueRequired\":true,\"valueName\":\"search_term_string\"}}],\"inLanguage\":\"ro-RO\"},{\"@type\":\"Organization\",\"@id\":\"https:\\\/\\\/wuuff.taxi\\\/ro\\\/#organization\",\"name\":\"Euro Puppy Kft.\",\"url\":\"https:\\\/\\\/wuuff.taxi\\\/ro\\\/\",\"logo\":{\"@type\":\"ImageObject\",\"inLanguage\":\"ro-RO\",\"@id\":\"https:\\\/\\\/wuuff.taxi\\\/ro\\\/#\\\/schema\\\/logo\\\/image\\\/\",\"url\":\"https:\\\/\\\/wuuff.taxi\\\/wp-content\\\/uploads\\\/2025\\\/07\\\/wuuff.taxi-square.png\",\"contentUrl\":\"https:\\\/\\\/wuuff.taxi\\\/wp-content\\\/uploads\\\/2025\\\/07\\\/wuuff.taxi-square.png\",\"width\":824,\"height\":821,\"caption\":\"Euro Puppy Kft.\"},\"image\":{\"@id\":\"https:\\\/\\\/wuuff.taxi\\\/ro\\\/#\\\/schema\\\/logo\\\/image\\\/\"},\"sameAs\":[\"https:\\\/\\\/www.facebook.com\\\/Wuuff.Taxi.kutyaszallitas\\\/\"]}]}<\/script>\n<!-- \/ Yoast SEO plugin. -->","yoast_head_json":{"title":"Transportul c\u00e2inilor, pisicilor \u0219i altor animale de companie \u00een str\u0103in\u0103tate - cu ma\u0219in\u0103 sau cu avion.","description":"Transportul rutier sau chiar aerian a c\u00e2inilor \u0219i pisicilor \u00een Europa. V\u0103 ducem animalul de companie cu avionul oriunde \u00een lume.","robots":{"index":"index","follow":"follow","max-snippet":"max-snippet:-1","max-image-preview":"max-image-preview:large","max-video-preview":"max-video-preview:-1"},"canonical":"https:\/\/wuuff.taxi\/ro\/","og_locale":"ro_RO","og_type":"article","og_title":"Transportul c\u00e2inilor, pisicilor \u0219i altor animale de companie \u00een str\u0103in\u0103tate - cu ma\u0219in\u0103 sau cu avion.","og_description":"Transportul rutier sau chiar aerian a c\u00e2inilor \u0219i pisicilor \u00een Europa. V\u0103 ducem animalul de companie cu avionul oriunde \u00een lume.","og_url":"https:\/\/wuuff.taxi\/ro\/","og_site_name":"Wuuff taxi","article_publisher":"https:\/\/www.facebook.com\/Wuuff.Taxi.kutyaszallitas\/","article_modified_time":"2021-02-16T08:59:50+00:00","og_image":[{"width":600,"height":388,"url":"https:\/\/wuuff.taxi\/wp-content\/uploads\/2021\/01\/Opel-Combo-Wuuff-Taxi.jpeg","type":"image\/jpeg"}],"twitter_card":"summary_large_image","schema":{"@context":"https:\/\/schema.org","@graph":[{"@type":"WebPage","@id":"https:\/\/wuuff.taxi\/ro\/","url":"https:\/\/wuuff.taxi\/ro\/","name":"Transportul c\u00e2inilor, pisicilor \u0219i altor animale de companie \u00een str\u0103in\u0103tate - cu ma\u0219in\u0103 sau cu avion.","isPartOf":{"@id":"https:\/\/wuuff.taxi\/ro\/#website"},"datePublished":"2020-09-10T09:35:22+00:00","dateModified":"2021-02-16T08:59:50+00:00","description":"Transportul rutier sau chiar aerian a c\u00e2inilor \u0219i pisicilor \u00een Europa. V\u0103 ducem animalul de companie cu avionul oriunde \u00een lume.","breadcrumb":{"@id":"https:\/\/wuuff.taxi\/ro\/#breadcrumb"},"inLanguage":"ro-RO","potentialAction":[{"@type":"ReadAction","target":["https:\/\/wuuff.taxi\/ro\/"]}]},{"@type":"BreadcrumbList","@id":"https:\/\/wuuff.taxi\/ro\/#breadcrumb","itemListElement":[{"@type":"ListItem","position":1,"name":"Home","item":"https:\/\/wuuff.taxi\/ro\/"},{"@type":"ListItem","position":2,"name":"Pagina principal\u0103"}]},{"@type":"WebSite","@id":"https:\/\/wuuff.taxi\/ro\/#website","url":"https:\/\/wuuff.taxi\/ro\/","name":"Wuuff taxi","description":"Transportul animalelor de companie \u00een siguran\u021b\u0103 - Wuuff taxi","publisher":{"@id":"https:\/\/wuuff.taxi\/ro\/#organization"},"potentialAction":[{"@type":"SearchAction","target":{"@type":"EntryPoint","urlTemplate":"https:\/\/wuuff.taxi\/ro\/?s={search_term_string}"},"query-input":{"@type":"PropertyValueSpecification","valueRequired":true,"valueName":"search_term_string"}}],"inLanguage":"ro-RO"},{"@type":"Organization","@id":"https:\/\/wuuff.taxi\/ro\/#organization","name":"Euro Puppy Kft.","url":"https:\/\/wuuff.taxi\/ro\/","logo":{"@type":"ImageObject","inLanguage":"ro-RO","@id":"https:\/\/wuuff.taxi\/ro\/#\/schema\/logo\/image\/","url":"https:\/\/wuuff.taxi\/wp-content\/uploads\/2025\/07\/wuuff.taxi-square.png","contentUrl":"https:\/\/wuuff.taxi\/wp-content\/uploads\/2025\/07\/wuuff.taxi-square.png","width":824,"height":821,"caption":"Euro Puppy Kft."},"image":{"@id":"https:\/\/wuuff.taxi\/ro\/#\/schema\/logo\/image\/"},"sameAs":["https:\/\/www.facebook.com\/Wuuff.Taxi.kutyaszallitas\/"]}]}},"_links":{"self":[{"href":"https:\/\/wuuff.taxi\/ro\/wp-json\/wp\/v2\/pages\/1965","targetHints":{"allow":["GET"]}}],"collection":[{"href":"https:\/\/wuuff.taxi\/ro\/wp-json\/wp\/v2\/pages"}],"about":[{"href":"https:\/\/wuuff.taxi\/ro\/wp-json\/wp\/v2\/types\/page"}],"author":[{"embeddable":true,"href":"https:\/\/wuuff.taxi\/ro\/wp-json\/wp\/v2\/users\/2"}],"replies":[{"embeddable":true,"href":"https:\/\/wuuff.taxi\/ro\/wp-json\/wp\/v2\/comments?post=1965"}],"version-history":[{"count":26,"href":"https:\/\/wuuff.taxi\/ro\/wp-json\/wp\/v2\/pages\/1965\/revisions"}],"predecessor-version":[{"id":2302,"href":"https:\/\/wuuff.taxi\/ro\/wp-json\/wp\/v2\/pages\/1965\/revisions\/2302"}],"wp:attachment":[{"href":"https:\/\/wuuff.taxi\/ro\/wp-json\/wp\/v2\/media?parent=1965"}],"curies":[{"name":"wp","href":"https:\/\/api.w.org\/{rel}","templated":true}]}}